{"id":2,"date":"2018-12-12T06:40:25","date_gmt":"2018-12-12T06:40:25","guid":{"rendered":"http:\/\/cosmosoptic.ch\/?page_id=2"},"modified":"2019-10-26T10:59:07","modified_gmt":"2019-10-26T10:59:07","slug":"beispiel-seite","status":"publish","type":"page","link":"https:\/\/cosmosoptic.ch\/","title":{"rendered":"Willkommen &#8211; Bienvenue"},"content":{"rendered":"\t\t<div data-elementor-type=\"wp-post\" data-elementor-id=\"2\" class=\"elementor elementor-2 elementor-bc-flex-widget\">\n\t\t\t\t\t\t<section class=\"elementor-section elementor-top-section elementor-element elementor-element-1b766cb elementor-section-boxed elementor-section-height-default elementor-section-height-default\" data-id=\"1b766cb\" data-element_type=\"section\">\n\t\t\t\t\t\t<div class=\"elementor-container elementor-column-gap-default\">\n\t\t\t\t\t<div class=\"elementor-column elementor-col-100 elementor-top-column elementor-element elementor-element-70f810fe\" data-id=\"70f810fe\" data-element_type=\"column\">\n\t\t\t<div class=\"elementor-widget-wrap elementor-element-populated\">\n\t\t\t\t\t\t<div class=\"elementor-element elementor-element-0343521 elementor-widget elementor-widget-image\" data-id=\"0343521\" data-element_type=\"widget\" data-widget_type=\"image.default\">\n\t\t\t\t<div class=\"elementor-widget-container\">\n\t\t\t\t\t\t\t\t\t\t\t\t\t<img fetchpriority=\"high\" decoding=\"async\" width=\"500\" height=\"190\" src=\"https:\/\/cosmosoptic.ch\/wp-content\/uploads\/2018\/12\/COS_Logo_RGB.png\" class=\"attachment-large size-large wp-image-9\" alt=\"\" srcset=\"https:\/\/cosmosoptic.ch\/wp-content\/uploads\/2018\/12\/COS_Logo_RGB.png 500w, https:\/\/cosmosoptic.ch\/wp-content\/uploads\/2018\/12\/COS_Logo_RGB-300x114.png 300w\" sizes=\"(max-width: 500px) 100vw, 500px\" \/>\t\t\t\t\t\t\t\t\t\t\t\t\t<\/div>\n\t\t\t\t<\/div>\n\t\t\t\t\t<\/div>\n\t\t<\/div>\n\t\t\t\t\t<\/div>\n\t\t<\/section>\n\t\t\t\t<section class=\"elementor-section elementor-top-section elementor-element elementor-element-3d6a294 elementor-section-boxed elementor-section-height-default elementor-section-height-default\" data-id=\"3d6a294\" data-element_type=\"section\">\n\t\t\t\t\t\t<div class=\"elementor-container elementor-column-gap-default\">\n\t\t\t\t\t<div class=\"elementor-column elementor-col-100 elementor-top-column elementor-element elementor-element-805c8dc\" data-id=\"805c8dc\" data-element_type=\"column\">\n\t\t\t<div class=\"elementor-widget-wrap elementor-element-populated\">\n\t\t\t\t\t\t<div class=\"elementor-element elementor-element-9c1f2a3 elementor-widget-divider--view-line elementor-widget elementor-widget-divider\" data-id=\"9c1f2a3\" data-element_type=\"widget\" data-widget_type=\"divider.default\">\n\t\t\t\t<div class=\"elementor-widget-container\">\n\t\t\t\t\t<div class=\"elementor-divider\">\n\t\t\t<span class=\"elementor-divider-separator\">\n\t\t\t\t\t\t<\/span>\n\t\t<\/div>\n\t\t\t\t<\/div>\n\t\t\t\t<\/div>\n\t\t\t\t\t<\/div>\n\t\t<\/div>\n\t\t\t\t\t<\/div>\n\t\t<\/section>\n\t\t\t\t<section class=\"elementor-section elementor-top-section elementor-element elementor-element-6e2be29 elementor-section-boxed elementor-section-height-default elementor-section-height-default\" data-id=\"6e2be29\" data-element_type=\"section\">\n\t\t\t\t\t\t<div class=\"elementor-container elementor-column-gap-default\">\n\t\t\t\t\t<div class=\"elementor-column elementor-col-33 elementor-top-column elementor-element elementor-element-5454f17\" data-id=\"5454f17\" data-element_type=\"column\">\n\t\t\t<div class=\"elementor-widget-wrap elementor-element-populated\">\n\t\t\t\t\t\t<div class=\"elementor-element elementor-element-4704a95 elementor-widget elementor-widget-text-editor\" data-id=\"4704a95\" data-element_type=\"widget\" data-widget_type=\"text-editor.default\">\n\t\t\t\t<div class=\"elementor-widget-container\">\n\t\t\t\t\t\t\t<p><strong>Cosmos GmbH <\/strong><br \/><strong>High Quality Glasses<\/strong> <br \/><a href=\"https:\/\/goo.gl\/maps\/2xzz9iA1R1x\" target=\"_blank\" rel=\"noopener\">Schl\u00f6ssliweg 13<\/a><br \/><a href=\"https:\/\/goo.gl\/maps\/2xzz9iA1R1x\" target=\"_blank\" rel=\"noopener\">4500 Solothurn<\/a><\/p>\t\t\t\t\t\t<\/div>\n\t\t\t\t<\/div>\n\t\t\t\t\t<\/div>\n\t\t<\/div>\n\t\t\t\t<div class=\"elementor-column elementor-col-33 elementor-top-column elementor-element elementor-element-91fe194\" data-id=\"91fe194\" data-element_type=\"column\">\n\t\t\t<div class=\"elementor-widget-wrap elementor-element-populated\">\n\t\t\t\t\t\t<div class=\"elementor-element elementor-element-42c7ecd elementor-widget elementor-widget-text-editor\" data-id=\"42c7ecd\" data-element_type=\"widget\" data-widget_type=\"text-editor.default\">\n\t\t\t\t<div class=\"elementor-widget-container\">\n\t\t\t\t\t\t\t<div class=\"page\" title=\"Page 1\"><div class=\"section\"><div class=\"layoutArea\"><div class=\"column\"><p><br \/>Tel. +41 32 622 11 77<br \/>Mobil +41 78 603 57 01<br \/><a href=\"mailto:info@cosmosoptic.ch\">info@cosmosoptic.ch<\/a><\/p><\/div><\/div><\/div><\/div>\t\t\t\t\t\t<\/div>\n\t\t\t\t<\/div>\n\t\t\t\t\t<\/div>\n\t\t<\/div>\n\t\t\t\t<div class=\"elementor-column elementor-col-33 elementor-top-column elementor-element elementor-element-7cc8523\" data-id=\"7cc8523\" data-element_type=\"column\">\n\t\t\t<div class=\"elementor-widget-wrap elementor-element-populated\">\n\t\t\t\t\t\t<div class=\"elementor-element elementor-element-10806fd elementor-widget elementor-widget-text-editor\" data-id=\"10806fd\" data-element_type=\"widget\" data-widget_type=\"text-editor.default\">\n\t\t\t\t<div class=\"elementor-widget-container\">\n\t\t\t\t\t\t\t<p><strong>Servicecenter \u00d6ffnungszeiten \/ <\/strong><br \/><strong>horaires d\u2018ouverture:<\/strong> <br \/>MO &#8211; FR \/ LUN &#8211; VEN <br \/>09:00h &#8211; 12:00h<br \/>13:00h &#8211; 18:30h<\/p>\t\t\t\t\t\t<\/div>\n\t\t\t\t<\/div>\n\t\t\t\t\t<\/div>\n\t\t<\/div>\n\t\t\t\t\t<\/div>\n\t\t<\/section>\n\t\t\t\t<section class=\"elementor-section elementor-top-section elementor-element elementor-element-d4022cd elementor-section-boxed elementor-section-height-default elementor-section-height-default\" data-id=\"d4022cd\" data-element_type=\"section\">\n\t\t\t\t\t\t<div class=\"elementor-container elementor-column-gap-default\">\n\t\t\t\t\t<div class=\"elementor-column elementor-col-100 elementor-top-column elementor-element elementor-element-d40ea9f\" data-id=\"d40ea9f\" data-element_type=\"column\">\n\t\t\t<div class=\"elementor-widget-wrap elementor-element-populated\">\n\t\t\t\t\t\t<div class=\"elementor-element elementor-element-817fd30 elementor-widget-divider--view-line elementor-widget elementor-widget-divider\" data-id=\"817fd30\" data-element_type=\"widget\" data-widget_type=\"divider.default\">\n\t\t\t\t<div class=\"elementor-widget-container\">\n\t\t\t\t\t<div class=\"elementor-divider\">\n\t\t\t<span class=\"elementor-divider-separator\">\n\t\t\t\t\t\t<\/span>\n\t\t<\/div>\n\t\t\t\t<\/div>\n\t\t\t\t<\/div>\n\t\t\t\t\t<\/div>\n\t\t<\/div>\n\t\t\t\t\t<\/div>\n\t\t<\/section>\n\t\t\t\t<section class=\"elementor-section elementor-top-section elementor-element elementor-element-d501be4 elementor-section-boxed elementor-section-height-default elementor-section-height-default\" data-id=\"d501be4\" data-element_type=\"section\">\n\t\t\t\t\t\t<div class=\"elementor-container elementor-column-gap-default\">\n\t\t\t\t\t<div class=\"elementor-column elementor-col-50 elementor-top-column elementor-element elementor-element-6439d36\" data-id=\"6439d36\" data-element_type=\"column\">\n\t\t\t<div class=\"elementor-widget-wrap elementor-element-populated\">\n\t\t\t\t\t\t<div class=\"elementor-element elementor-element-7bc2414 elementor-widget elementor-widget-text-editor\" data-id=\"7bc2414\" data-element_type=\"widget\" data-widget_type=\"text-editor.default\">\n\t\t\t\t<div class=\"elementor-widget-container\">\n\t\t\t\t\t\t\t<p>Hoch gesch\u00e4tze Kunden,<\/p><p>seit 10 Jahren ist COSMOS \u0301 Premisse f\u00fcr Sie und Ihre Kunden die bestm\u00f6gliche Qualit\u00e4t zu attraktiven Preisen im Bereich Brillengl\u00e4ser zu finden.\u00a0<\/p><p>Wir m\u00f6chten Ihnen mit diesem Folder einen Teil unserer Top-Produkte nahebringen und dar\u00fcber hinaus noch ein wenig mehr aus unserem Porfolio aufzeigen.\u00a0<\/p><p>Ihr COSMOS-Team.<\/p>\t\t\t\t\t\t<\/div>\n\t\t\t\t<\/div>\n\t\t\t\t\t<\/div>\n\t\t<\/div>\n\t\t\t\t<div class=\"elementor-column elementor-col-50 elementor-top-column elementor-element elementor-element-6ca31bd\" data-id=\"6ca31bd\" data-element_type=\"column\">\n\t\t\t<div class=\"elementor-widget-wrap elementor-element-populated\">\n\t\t\t\t\t\t<div class=\"elementor-element elementor-element-c8d7616 elementor-widget elementor-widget-text-editor\" data-id=\"c8d7616\" data-element_type=\"widget\" data-widget_type=\"text-editor.default\">\n\t\t\t\t<div class=\"elementor-widget-container\">\n\t\t\t\t\t\t\t<div class=\"page\" title=\"Page 1\">\n<div class=\"section\">\n<div class=\"layoutArea\">\n<div class=\"column\">\n<p>Tre\u0300s chers clients,<\/p>\n<p>Depuis 10 ans, COSMOS s\u2019engage a\u0300 trouver des verres optiques de la meilleure qualite\u0301 possible et cela a\u0300 des prix tre\u0300s attractifs, pour vous et vos clients.<\/p>\n<p>Dans ce prospectus, nous aimerions vous faire de\u0301couvrir une partie de nos meilleurs produits et vous pre\u0301senter un peu plus de notre portefeuille.<\/p>\n<p>Votre e\u0301quipe COSMOS.<\/p>\n<\/div>\n<\/div>\n<\/div>\n<\/div>\t\t\t\t\t\t<\/div>\n\t\t\t\t<\/div>\n\t\t\t\t\t<\/div>\n\t\t<\/div>\n\t\t\t\t\t<\/div>\n\t\t<\/section>\n\t\t\t\t<section class=\"elementor-section elementor-top-section elementor-element elementor-element-5c2b572 elementor-section-boxed elementor-section-height-default elementor-section-height-default\" data-id=\"5c2b572\" data-element_type=\"section\">\n\t\t\t\t\t\t<div class=\"elementor-container elementor-column-gap-default\">\n\t\t\t\t\t<div class=\"elementor-column elementor-col-100 elementor-top-column elementor-element elementor-element-dedcda4\" data-id=\"dedcda4\" data-element_type=\"column\">\n\t\t\t<div class=\"elementor-widget-wrap elementor-element-populated\">\n\t\t\t\t\t\t<div class=\"elementor-element elementor-element-2fd1659 elementor-widget-divider--view-line elementor-widget elementor-widget-divider\" data-id=\"2fd1659\" data-element_type=\"widget\" data-widget_type=\"divider.default\">\n\t\t\t\t<div class=\"elementor-widget-container\">\n\t\t\t\t\t<div class=\"elementor-divider\">\n\t\t\t<span class=\"elementor-divider-separator\">\n\t\t\t\t\t\t<\/span>\n\t\t<\/div>\n\t\t\t\t<\/div>\n\t\t\t\t<\/div>\n\t\t\t\t\t<\/div>\n\t\t<\/div>\n\t\t\t\t\t<\/div>\n\t\t<\/section>\n\t\t\t\t<section class=\"elementor-section elementor-top-section elementor-element elementor-element-8fe2ce1 elementor-section-boxed elementor-section-height-default elementor-section-height-default\" data-id=\"8fe2ce1\" data-element_type=\"section\">\n\t\t\t\t\t\t<div class=\"elementor-container elementor-column-gap-default\">\n\t\t\t\t\t<div class=\"elementor-column elementor-col-50 elementor-top-column elementor-element elementor-element-1feb92e\" data-id=\"1feb92e\" data-element_type=\"column\">\n\t\t\t<div class=\"elementor-widget-wrap elementor-element-populated\">\n\t\t\t\t\t\t<div class=\"elementor-element elementor-element-01733f6 elementor-widget elementor-widget-text-editor\" data-id=\"01733f6\" data-element_type=\"widget\" data-widget_type=\"text-editor.default\">\n\t\t\t\t<div class=\"elementor-widget-container\">\n\t\t\t\t\t\t\t<div class=\"page\" title=\"Page 1\"><div class=\"section\"><div class=\"layoutArea\"><div class=\"column\"><h3><a href=\"http:\/\/webshop.cosmosoptic.ch\">Besuchen Sie auch unseren Online-Shop:<\/a><\/h3><\/div><\/div><\/div><\/div>\t\t\t\t\t\t<\/div>\n\t\t\t\t<\/div>\n\t\t\t\t\t<\/div>\n\t\t<\/div>\n\t\t\t\t<div class=\"elementor-column elementor-col-50 elementor-top-column elementor-element elementor-element-6ff9feb\" data-id=\"6ff9feb\" data-element_type=\"column\">\n\t\t\t<div class=\"elementor-widget-wrap elementor-element-populated\">\n\t\t\t\t\t\t<div class=\"elementor-element elementor-element-f989787 elementor-widget elementor-widget-text-editor\" data-id=\"f989787\" data-element_type=\"widget\" data-widget_type=\"text-editor.default\">\n\t\t\t\t<div class=\"elementor-widget-container\">\n\t\t\t\t\t\t\t<div class=\"page\" title=\"Page 1\"><div class=\"section\"><div class=\"layoutArea\"><div class=\"column\"><h3><a href=\"http:\/\/webshop.cosmosoptic.ch\">Visitez notre boutique en ligne:<\/a><\/h3><\/div><\/div><\/div><\/div>\t\t\t\t\t\t<\/div>\n\t\t\t\t<\/div>\n\t\t\t\t\t<\/div>\n\t\t<\/div>\n\t\t\t\t\t<\/div>\n\t\t<\/section>\n\t\t\t\t<section class=\"elementor-section elementor-top-section elementor-element elementor-element-37d9a08 elementor-section-boxed elementor-section-height-default elementor-section-height-default\" data-id=\"37d9a08\" data-element_type=\"section\">\n\t\t\t\t\t\t<div class=\"elementor-container elementor-column-gap-default\">\n\t\t\t\t\t<div class=\"elementor-column elementor-col-100 elementor-top-column elementor-element elementor-element-ccd1dfb\" data-id=\"ccd1dfb\" data-element_type=\"column\">\n\t\t\t<div class=\"elementor-widget-wrap elementor-element-populated\">\n\t\t\t\t\t\t<div class=\"elementor-element elementor-element-b1808a4 elementor-widget elementor-widget-image\" data-id=\"b1808a4\" data-element_type=\"widget\" data-widget_type=\"image.default\">\n\t\t\t\t<div class=\"elementor-widget-container\">\n\t\t\t\t\t\t\t\t\t\t\t\t\t\t<a href=\"http:\/\/webshop.cosmosoptic.ch\">\n\t\t\t\t\t\t\t<img decoding=\"async\" width=\"675\" height=\"718\" src=\"https:\/\/cosmosoptic.ch\/wp-content\/uploads\/2018\/12\/Screenshot-2018-12-17-17.42.38.png\" class=\"attachment-large size-large wp-image-30\" alt=\"\" srcset=\"https:\/\/cosmosoptic.ch\/wp-content\/uploads\/2018\/12\/Screenshot-2018-12-17-17.42.38.png 675w, https:\/\/cosmosoptic.ch\/wp-content\/uploads\/2018\/12\/Screenshot-2018-12-17-17.42.38-282x300.png 282w\" sizes=\"(max-width: 675px) 100vw, 675px\" \/>\t\t\t\t\t\t\t\t<\/a>\n\t\t\t\t\t\t\t\t\t\t\t\t\t<\/div>\n\t\t\t\t<\/div>\n\t\t\t\t\t<\/div>\n\t\t<\/div>\n\t\t\t\t\t<\/div>\n\t\t<\/section>\n\t\t\t\t<section class=\"elementor-section elementor-top-section elementor-element elementor-element-27be269 elementor-section-boxed elementor-section-height-default elementor-section-height-default\" data-id=\"27be269\" data-element_type=\"section\">\n\t\t\t\t\t\t<div class=\"elementor-container elementor-column-gap-default\">\n\t\t\t\t\t<div class=\"elementor-column elementor-col-50 elementor-top-column elementor-element elementor-element-a3bc636\" data-id=\"a3bc636\" data-element_type=\"column\">\n\t\t\t<div class=\"elementor-widget-wrap elementor-element-populated\">\n\t\t\t\t\t\t<div class=\"elementor-element elementor-element-e413b26 elementor-widget elementor-widget-text-editor\" data-id=\"e413b26\" data-element_type=\"widget\" data-widget_type=\"text-editor.default\">\n\t\t\t\t<div class=\"elementor-widget-container\">\n\t\t\t\t\t\t\t<p>Wir haben uns erlaubt f\u00fcr Sie einen Zugang f\u00fcr unseren Webshop einzurichten, damit Sie direkt loslegen k\u00f6nnen.\u00a0<\/p>\n<p>Bitte finden Sie Ihre pers\u00f6nlichen Zugangsdaten oben in der Smartphone-Abbildung eingetragen.<\/p>\t\t\t\t\t\t<\/div>\n\t\t\t\t<\/div>\n\t\t\t\t\t<\/div>\n\t\t<\/div>\n\t\t\t\t<div class=\"elementor-column elementor-col-50 elementor-top-column elementor-element elementor-element-5211d14\" data-id=\"5211d14\" data-element_type=\"column\">\n\t\t\t<div class=\"elementor-widget-wrap elementor-element-populated\">\n\t\t\t\t\t\t<div class=\"elementor-element elementor-element-ebc45c9 elementor-widget elementor-widget-text-editor\" data-id=\"ebc45c9\" data-element_type=\"widget\" data-widget_type=\"text-editor.default\">\n\t\t\t\t<div class=\"elementor-widget-container\">\n\t\t\t\t\t\t\t<div class=\"page\" title=\"Page 1\">\n<div class=\"section\">\n<div class=\"layoutArea\">\n<div class=\"column\">\n<p>Nous nous sommes permis de mettre en place un acce\u0300s a\u0300 notre boutique en ligne pour vous, afin que vous puissiez vous connecter tout de suite.<\/p>\n<p>Veuillez trouver vos donne\u0301es d\u2018acce\u0300s personnelles en haut de l\u2018image du smartphone.<\/p>\n<\/div>\n<\/div>\n<\/div>\n<\/div>\t\t\t\t\t\t<\/div>\n\t\t\t\t<\/div>\n\t\t\t\t\t<\/div>\n\t\t<\/div>\n\t\t\t\t\t<\/div>\n\t\t<\/section>\n\t\t\t\t<\/div>\n\t\t","protected":false},"excerpt":{"rendered":"<p>Cosmos GmbH High Quality Glasses Schl\u00f6ssliweg 134500 Solothurn Tel. +41 32 622 11 77Mobil +41 78 603 57 01info@cosmosoptic.ch Servicecenter \u00d6ffnungszeiten \/ horaires d\u2018ouverture: MO &#8211; FR \/ LUN &#8211; VEN 09:00h &#8211; 12:00h13:00h &#8211; 18:30h Hoch gesch\u00e4tze Kunden, seit 10 Jahren ist COSMOS \u0301 Premisse f\u00fcr Sie und Ihre Kunden die bestm\u00f6gliche Qualit\u00e4t zu &#8230; <a title=\"Willkommen &#8211; Bienvenue\" class=\"read-more\" href=\"https:\/\/cosmosoptic.ch\/\" aria-label=\"Read more about Willkommen &#8211; Bienvenue\">mehr lesen<\/a><\/p>\n","protected":false},"author":1,"featured_media":0,"parent":0,"menu_order":0,"comment_status":"closed","ping_status":"closed","template":"elementor_canvas","meta":{"footnotes":""},"_links":{"self":[{"href":"https:\/\/cosmosoptic.ch\/index.php?rest_route=\/wp\/v2\/pages\/2"}],"collection":[{"href":"https:\/\/cosmosoptic.ch\/index.php?rest_route=\/wp\/v2\/pages"}],"about":[{"href":"https:\/\/cosmosoptic.ch\/index.php?rest_route=\/wp\/v2\/types\/page"}],"author":[{"embeddable":true,"href":"https:\/\/cosmosoptic.ch\/index.php?rest_route=\/wp\/v2\/users\/1"}],"replies":[{"embeddable":true,"href":"https:\/\/cosmosoptic.ch\/index.php?rest_route=%2Fwp%2Fv2%2Fcomments&post=2"}],"version-history":[{"count":12,"href":"https:\/\/cosmosoptic.ch\/index.php?rest_route=\/wp\/v2\/pages\/2\/revisions"}],"predecessor-version":[{"id":41,"href":"https:\/\/cosmosoptic.ch\/index.php?rest_route=\/wp\/v2\/pages\/2\/revisions\/41"}],"wp:attachment":[{"href":"https:\/\/cosmosoptic.ch\/index.php?rest_route=%2Fwp%2Fv2%2Fmedia&parent=2"}],"curies":[{"name":"wp","href":"https:\/\/api.w.org\/{rel}","templated":true}]}}